{"id":159,"date":"2023-03-06T15:08:14","date_gmt":"2023-03-06T15:08:14","guid":{"rendered":"https:\/\/lanazorjan.com\/en\/?page_id=159"},"modified":"2025-10-11T19:32:19","modified_gmt":"2025-10-11T19:32:19","slug":"biography","status":"publish","type":"page","link":"https:\/\/lanazorjan.com\/en\/biography\/","title":{"rendered":"Biography"},"content":{"rendered":"\t\t<div data-elementor-type=\"wp-page\" data-elementor-id=\"159\" class=\"elementor elementor-159\">\n\t\t\t\t\t\t<section class=\"elementor-section elementor-top-section elementor-element elementor-element-78332416 elementor-section-content-middle elementor-section-boxed elementor-section-height-default elementor-section-height-default\" data-id=\"78332416\" data-element_type=\"section\">\n\t\t\t\t\t\t<div class=\"elementor-container elementor-column-gap-no\">\n\t\t\t\t\t<div class=\"elementor-column elementor-col-50 elementor-top-column elementor-element elementor-element-6fe57478\" data-id=\"6fe57478\" data-element_type=\"column\">\n\t\t\t<div class=\"elementor-widget-wrap elementor-element-populated\">\n\t\t\t\t\t\t<div class=\"elementor-element elementor-element-b2b8159 elementor-widget elementor-widget-image\" data-id=\"b2b8159\" data-element_type=\"widget\" data-widget_type=\"image.default\">\n\t\t\t\t<div class=\"elementor-widget-container\">\n\t\t\t\t\t\t\t\t\t\t\t\t\t\t\t<img fetchpriority=\"high\" decoding=\"async\" width=\"1365\" height=\"2048\" src=\"https:\/\/lanazorjan.com\/en\/wp-content\/uploads\/2025\/10\/IMG_1896-1-1365x2048.jpeg\" class=\"attachment-2048x2048 size-2048x2048 wp-image-830\" alt=\"\" srcset=\"https:\/\/lanazorjan.com\/en\/wp-content\/uploads\/2025\/10\/IMG_1896-1-1365x2048.jpeg 1365w, https:\/\/lanazorjan.com\/en\/wp-content\/uploads\/2025\/10\/IMG_1896-1-200x300.jpeg 200w, https:\/\/lanazorjan.com\/en\/wp-content\/uploads\/2025\/10\/IMG_1896-1-683x1024.jpeg 683w, https:\/\/lanazorjan.com\/en\/wp-content\/uploads\/2025\/10\/IMG_1896-1-768x1152.jpeg 768w, https:\/\/lanazorjan.com\/en\/wp-content\/uploads\/2025\/10\/IMG_1896-1-1024x1536.jpeg 1024w, https:\/\/lanazorjan.com\/en\/wp-content\/uploads\/2025\/10\/IMG_1896-1-scaled.jpeg 1707w\" sizes=\"(max-width: 1365px) 100vw, 1365px\" \/>\t\t\t\t\t\t\t\t\t\t\t\t\t\t\t<\/div>\n\t\t\t\t<\/div>\n\t\t\t\t\t<\/div>\n\t\t<\/div>\n\t\t\t\t<div class=\"elementor-column elementor-col-50 elementor-top-column elementor-element elementor-element-35f46a17\" data-id=\"35f46a17\" data-element_type=\"column\">\n\t\t\t<div class=\"elementor-widget-wrap elementor-element-populated\">\n\t\t\t\t\t\t<div class=\"elementor-element elementor-element-d8364c8 e-transform animated-fast elementor-invisible elementor-widget elementor-widget-heading\" data-id=\"d8364c8\" data-element_type=\"widget\" data-settings=\"{&quot;_animation&quot;:&quot;fadeInUp&quot;,&quot;_transform_skewX_effect_hover&quot;:{&quot;unit&quot;:&quot;px&quot;,&quot;size&quot;:&quot;&quot;,&quot;sizes&quot;:[]},&quot;_transform_skewX_effect_hover_tablet&quot;:{&quot;unit&quot;:&quot;deg&quot;,&quot;size&quot;:&quot;&quot;,&quot;sizes&quot;:[]},&quot;_transform_skewX_effect_hover_mobile&quot;:{&quot;unit&quot;:&quot;deg&quot;,&quot;size&quot;:&quot;&quot;,&quot;sizes&quot;:[]},&quot;_transform_skewY_effect_hover&quot;:{&quot;unit&quot;:&quot;px&quot;,&quot;size&quot;:&quot;&quot;,&quot;sizes&quot;:[]},&quot;_transform_skewY_effect_hover_tablet&quot;:{&quot;unit&quot;:&quot;deg&quot;,&quot;size&quot;:&quot;&quot;,&quot;sizes&quot;:[]},&quot;_transform_skewY_effect_hover_mobile&quot;:{&quot;unit&quot;:&quot;deg&quot;,&quot;size&quot;:&quot;&quot;,&quot;sizes&quot;:[]}}\" data-widget_type=\"heading.default\">\n\t\t\t\t<div class=\"elementor-widget-container\">\n\t\t\t\t\t<h1 class=\"elementor-heading-title elementor-size-default\">Biography<\/h1>\t\t\t\t<\/div>\n\t\t\t\t<\/div>\n\t\t\t\t<div class=\"elementor-element elementor-element-6f79cc0d elementor-widget elementor-widget-text-editor\" data-id=\"6f79cc0d\" data-element_type=\"widget\" data-widget_type=\"text-editor.default\">\n\t\t\t\t<div class=\"elementor-widget-container\">\n\t\t\t\t\t\t\t\t\t<p>Born in 2008, Lana has been playing the violin since the age of four. She is a prizewinner of many competitions around the globe and has had over 300 concerts and television appearances. In January of 2024, Lana became a winner of the prestigious Discovery Award of the International Classical Music Awards (ICMA) which led to her debut in Spain accompanied by the Symphony Orchestra of Valencia on the ICMA Gala Concert.<strong><br \/><\/strong><br \/>Zorjan is a student of professor Stefan Milenkovich at the Academy of Arts in Novi Sad. Besides her studies in Serbia, she is also a scholarship holder at the Musikakademie in Liechtenstein and regularly takes part in the Intensive Weeks, concerts and other events offered by the academy.\u00a0<\/p><p>She has performed a couple dozen concerts as a soloist with orchestral such as Symphony Orchestra of Valencia, Malag\u00e0 Philharmonic Orchestra, Vojvodina Symphony Orchestra, Symphony Orchestra of the Serbian National Theatre and others.<\/p><p>Lana performed with conductors such as Alexander Liebreich, Guillermo Garcia Calvo, Toma\u0161 Brauner, Toshifumi Kanai, Jose Maria Moreno Valiente, Maximilian Haberstock, Janos Kovacs, Pavel\u00a0 Dole\u017eal, Srboljub Dini\u0107, Aleksandar Koji\u0107 and others. <\/p><p>On her musical path, she has participated in masterclasses of professor <span style=\"font-family: var( --e-global-typography-text-font-family ), Sans-serif; font-style: var( --e-global-typography-text-font-style ); letter-spacing: var( --e-global-typography-text-letter-spacing ); text-transform: var( --e-global-typography-text-text-transform ); background-color: var( --e-global-color-c696dce );\">Zakhar Bron, Pavel Vernikov, Ingolf Turban, Latica Honda &#8211; Rosenberg, Lihay Bendayan, Stefan Milenkovich and Pavel \u0160porcl.<br \/><\/span><\/p><p>Lana plays on a violin of Laurentius (Lorenzo) Bellafontana (Italy, 1952) kindly loaned by the Foundation &#8220;Musik und Jugend\u201d.\u00a0<\/p>\t\t\t\t\t\t\t\t<\/div>\n\t\t\t\t<\/div>\n\t\t\t\t\t<\/div>\n\t\t<\/div>\n\t\t\t\t\t<\/div>\n\t\t<\/section>\n\t\t\t\t<section class=\"elementor-section elementor-top-section elementor-element elementor-element-02797b9 elementor-section-full_width elementor-section-content-middle elementor-section-height-default elementor-section-height-default\" data-id=\"02797b9\" data-element_type=\"section\">\n\t\t\t\t\t\t<div class=\"elementor-container elementor-column-gap-no\">\n\t\t\t\t\t<div class=\"elementor-column elementor-col-100 elementor-top-column elementor-element elementor-element-bb20a21\" data-id=\"bb20a21\" data-element_type=\"column\">\n\t\t\t<div class=\"elementor-widget-wrap elementor-element-populated\">\n\t\t\t\t\t\t<div class=\"elementor-element elementor-element-9c5e0e4 e-transform animated-fast elementor-invisible elementor-widget elementor-widget-heading\" data-id=\"9c5e0e4\" data-element_type=\"widget\" data-settings=\"{&quot;_animation&quot;:&quot;fadeInUp&quot;,&quot;_transform_skewX_effect_hover&quot;:{&quot;unit&quot;:&quot;px&quot;,&quot;size&quot;:&quot;&quot;,&quot;sizes&quot;:[]},&quot;_transform_skewX_effect_hover_tablet&quot;:{&quot;unit&quot;:&quot;deg&quot;,&quot;size&quot;:&quot;&quot;,&quot;sizes&quot;:[]},&quot;_transform_skewX_effect_hover_mobile&quot;:{&quot;unit&quot;:&quot;deg&quot;,&quot;size&quot;:&quot;&quot;,&quot;sizes&quot;:[]},&quot;_transform_skewY_effect_hover&quot;:{&quot;unit&quot;:&quot;px&quot;,&quot;size&quot;:&quot;&quot;,&quot;sizes&quot;:[]},&quot;_transform_skewY_effect_hover_tablet&quot;:{&quot;unit&quot;:&quot;deg&quot;,&quot;size&quot;:&quot;&quot;,&quot;sizes&quot;:[]},&quot;_transform_skewY_effect_hover_mobile&quot;:{&quot;unit&quot;:&quot;deg&quot;,&quot;size&quot;:&quot;&quot;,&quot;sizes&quot;:[]}}\" data-widget_type=\"heading.default\">\n\t\t\t\t<div class=\"elementor-widget-container\">\n\t\t\t\t\t<h1 class=\"elementor-heading-title elementor-size-default\">Most notable competitions<\/h1>\t\t\t\t<\/div>\n\t\t\t\t<\/div>\n\t\t\t\t<div class=\"elementor-element elementor-element-97877b6 elementor-widget elementor-widget-text-editor\" data-id=\"97877b6\" data-element_type=\"widget\" data-widget_type=\"text-editor.default\">\n\t\t\t\t<div class=\"elementor-widget-container\">\n\t\t\t\t\t\t\t\t\t<p>&#8211; 64th International violin competition \u201eJaroslav Kocian\u201d, Czech Republic, Laureate &#8211; absolute winner of all categories<\/p><p>&#8211; The VIII International Violin Competition \u201dThe Josef Micka Competition\u201d 2020. Prague, Czech Republic, first prize and special award Ph. Dr.Josef Micky .<\/p><p>&#8211; Virtuosos Talent Show V4+ 2020. Budapest, Hungary, special prize and public first prize by SMS vote.<\/p><p>&#8211; EMCY International Television Contest for Young Musicians \u201eNutcracker\u201c Moscow 2021. special prize of Academy Zakhar Bron<\/p><p>&#8211; \u201cTartini\u201d2018. Piran, Slovenia, first prize and award for most perspective young violinist of the competition.<\/p><p>&#8211; International Violin Competition \u201cFranjo Kre\u017ema\u201d , Croatia 2022. first prize and absolute winner of all categories, 2019.first prize and special prize of Spivakov foundation.<\/p><p>&#8211; The 44.International violin competition \u201cNadalka Simeonova\u201d 2019. and 2023. Haskovo, Bulgaria, first prize.<\/p><p>&#8211; \u201cGrand Prize Virtuoso Viena\u201c2016. Vienna, Austria, first prize.<\/p><p>&#8211; \u201cOhrid Pearls\u201d 2016. Ohrid, Macedonia, first prize.<\/p><p>&#8211; International Festival of Slavic Music 2021. first prize and Grand Prix with invitation for the final in Moscow 2022.<\/p><p>&#8211; \u201cVI North International Music Competition\u201d, 2020. Stockholm, Sweden, first prize.<\/p><p>&#8211; The IV International competition \u201cOskar Rieding\u201d, 2020. Slovenia, first prize and a special prize for the interpretation of her own composition.<\/p>\t\t\t\t\t\t\t\t<\/div>\n\t\t\t\t<\/div>\n\t\t\t\t\t<\/div>\n\t\t<\/div>\n\t\t\t\t\t<\/div>\n\t\t<\/section>\n\t\t\t\t<section class=\"elementor-section elementor-top-section elementor-element elementor-element-eca0bc9 elementor-section-content-middle elementor-section-boxed elementor-section-height-default elementor-section-height-default\" data-id=\"eca0bc9\" data-element_type=\"section\" data-settings=\"{&quot;background_background&quot;:&quot;classic&quot;}\">\n\t\t\t\t\t\t<div class=\"elementor-container elementor-column-gap-no\">\n\t\t\t\t\t<div class=\"elementor-column elementor-col-100 elementor-top-column elementor-element elementor-element-b4a7c7b\" data-id=\"b4a7c7b\" data-element_type=\"column\">\n\t\t\t<div class=\"elementor-widget-wrap elementor-element-populated\">\n\t\t\t\t\t\t<div class=\"elementor-element elementor-element-ade25de e-transform animated-fast elementor-invisible elementor-widget elementor-widget-heading\" data-id=\"ade25de\" data-element_type=\"widget\" data-settings=\"{&quot;_animation&quot;:&quot;fadeInUp&quot;,&quot;_transform_skewX_effect_hover&quot;:{&quot;unit&quot;:&quot;px&quot;,&quot;size&quot;:&quot;&quot;,&quot;sizes&quot;:[]},&quot;_transform_skewX_effect_hover_tablet&quot;:{&quot;unit&quot;:&quot;deg&quot;,&quot;size&quot;:&quot;&quot;,&quot;sizes&quot;:[]},&quot;_transform_skewX_effect_hover_mobile&quot;:{&quot;unit&quot;:&quot;deg&quot;,&quot;size&quot;:&quot;&quot;,&quot;sizes&quot;:[]},&quot;_transform_skewY_effect_hover&quot;:{&quot;unit&quot;:&quot;px&quot;,&quot;size&quot;:&quot;&quot;,&quot;sizes&quot;:[]},&quot;_transform_skewY_effect_hover_tablet&quot;:{&quot;unit&quot;:&quot;deg&quot;,&quot;size&quot;:&quot;&quot;,&quot;sizes&quot;:[]},&quot;_transform_skewY_effect_hover_mobile&quot;:{&quot;unit&quot;:&quot;deg&quot;,&quot;size&quot;:&quot;&quot;,&quot;sizes&quot;:[]}}\" data-widget_type=\"heading.default\">\n\t\t\t\t<div class=\"elementor-widget-container\">\n\t\t\t\t\t<h1 class=\"elementor-heading-title elementor-size-default\">Most notable performances as a soloist<\/h1>\t\t\t\t<\/div>\n\t\t\t\t<\/div>\n\t\t\t\t<div class=\"elementor-element elementor-element-77c4d22 elementor-widget elementor-widget-text-editor\" data-id=\"77c4d22\" data-element_type=\"widget\" data-widget_type=\"text-editor.default\">\n\t\t\t\t<div class=\"elementor-widget-container\">\n\t\t\t\t\t\t\t\t\t<p>&#8211; 2024. ICMA Award winners Gala concert with Orquesta di Valencia and Maestro Alexander Liebreich at &#8220;Palau di Musica&#8221; in Valencia, Spain.<\/p><p>&#8211; Open-air Grand Opening of the 2024 Kaleidoscope of Culture with Vojvodina Symphony orchestra and maestro Maximilian Haberstock in front of nearly ten thousand people\u00a0<\/p><p>&#8211; Concert tour with Malaga Philharmonic Orchestra and maestro Jose Maria Moreno Valiente in April of 2025<\/p><p>&#8211; Concert with the Valencia Symphony Orchestra at Palau de la Musica with Maestro Guillermo Garcia Calvo<\/p><p>&#8211; Gala Evenings in Liechtenstein: New Year\u2019s concert 2023 and &#8220;Highlights of Classical Music&#8221; 2024. Academy of Musical Talents Liechtenstein, Gala of VP Bank, as well as Resident Concerts 2023, 2024 and 2025 at the Academy.<\/p><p>&#8211; \u00a0Performance on the Savaball accompanied by the Symohony Orshestra of the Serbian National Theatre at the Hofburg Imperial Palace in Vienna<\/p><p>&#8211; Performance with Kamerata Balcanica at the 37th International Festival in Izmir, Turkey<\/p><p>&#8211; Concert with Kamerata Balcanica at the Austrian Bank Salon in Vienna<\/p><p>&#8211; Concert with Stefan Milenkovich for the Novak Djokovic Foundation at the Geodetic Institute, Belgrade<\/p><p>&#8211; Gala concert as a soloist of Danube Symphony Orchestra at RAM Colosseum Teatre in Budapest<\/p><p>&#8211; Charity concert as a soloist with the same orchestra for Medicine Foundation of Dr. Edit Toros in Budapest<\/p><p>&#8211; Concert Tour accompanied by the Vojvodina Symphony Orchestra\u00a0<\/p><p>&#8211; Festival \u201cMoscow meets friends\u201d, gallery of Aleksandar Shilov, Moscow<\/p><p>&#8211; Musikverein, Vienna, Austria, Winners Concert of \u201cGrand Prize Virtuoso\u201d competition.<\/p><p>&#8211; Concert of young talents with Mostar Symphony Orchestra, Mostar, Bosnia and Herzegovina<\/p><p>On Lana\u2019s musical and artistic development, the biggest positive impact had Professors: Stefan Milenkovich, Ivana A\u0107imoski-\u017diki\u0107,\u00a0 Imre Lakato\u0161, Zakhar Bron and Latica Honda &#8211; Rosenberg.<br \/>She attends intensive-week with eminent violin professors at &#8220;Academy of Music in Liechtenstein&#8221;\u00a0<\/p><p>She has appeared on various radio and television programs and channels: &#8220;The Violin Channel&#8221; (New York, USA), Deutsche Welle (Germany).<\/p><p>Most notable tv performances for channels:<\/p><p style=\"padding-left: 40px;\">RTS2, RTS 1, Russia Kultura, RTV1, Prva TV BIH, Novosadska TV, RTV Pink.<\/p><p>Lana speaks fluent English and is learning 5 languages. She loves animals, dance, yoga and contortion, to play with her cats and make handmade toys for them. Lana has perfect pitch and she loves to compose because of it. Every melody she hears in her head, she can immediately write down and play. She also loves to draw, make hand crafts and crochet. Lana often spends time in the nature and is active on social media, talking to her friends from all around the world. Lana has a little sister who she loves to babysit and teach her new things.<\/p>\t\t\t\t\t\t\t\t<\/div>\n\t\t\t\t<\/div>\n\t\t\t\t\t<\/div>\n\t\t<\/div>\n\t\t\t\t\t<\/div>\n\t\t<\/section>\n\t\t\t\t<\/div>\n\t\t","protected":false},"excerpt":{"rendered":"<p>Biography Born in 2008, Lana has been playing the violin since the age of four. She is a prizewinner of many competitions around the globe and has had over 300 concerts and television appearances. In January of 2024, Lana became a winner of the prestigious Discovery Award of the International Classical Music Awards (ICMA) which [&hellip;]<\/p>\n","protected":false},"author":1,"featured_media":0,"parent":0,"menu_order":0,"comment_status":"closed","ping_status":"closed","template":"elementor_header_footer","meta":{"footnotes":""},"class_list":["post-159","page","type-page","status-publish","hentry"],"yoast_head":"<!-- This site is optimized with the Yoast SEO plugin v24.2 - https:\/\/yoast.com\/wordpress\/plugins\/seo\/ -->\n<title>Biography - Lana Zorjan<\/title>\n<meta name=\"robots\" content=\"index, follow, max-snippet:-1, max-image-preview:large, max-video-preview:-1\" \/>\n<link rel=\"canonical\" href=\"https:\/\/lanazorjan.com\/en\/biography\/\" \/>\n<meta property=\"og:locale\" content=\"en_US\" \/>\n<meta property=\"og:type\" content=\"article\" \/>\n<meta property=\"og:title\" content=\"Biography - Lana Zorjan\" \/>\n<meta property=\"og:description\" content=\"Biography Born in 2008, Lana has been playing the violin since the age of four. She is a prizewinner of many competitions around the globe and has had over 300 concerts and television appearances. In January of 2024, Lana became a winner of the prestigious Discovery Award of the International Classical Music Awards (ICMA) which [&hellip;]\" \/>\n<meta property=\"og:url\" content=\"https:\/\/lanazorjan.com\/en\/biography\/\" \/>\n<meta property=\"og:site_name\" content=\"Lana Zorjan\" \/>\n<meta property=\"article:modified_time\" content=\"2025-10-11T19:32:19+00:00\" \/>\n<meta property=\"og:image\" content=\"https:\/\/lanazorjan.com\/en\/wp-content\/uploads\/2025\/10\/IMG_1896-1-scaled.jpeg\" \/>\n\t<meta property=\"og:image:width\" content=\"1707\" \/>\n\t<meta property=\"og:image:height\" content=\"2560\" \/>\n\t<meta property=\"og:image:type\" content=\"image\/jpeg\" \/>\n<meta name=\"twitter:card\" content=\"summary_large_image\" \/>\n<meta name=\"twitter:label1\" content=\"Est. reading time\" \/>\n\t<meta name=\"twitter:data1\" content=\"4 minutes\" \/>\n<script type=\"application\/ld+json\" class=\"yoast-schema-graph\">{\"@context\":\"https:\/\/schema.org\",\"@graph\":[{\"@type\":\"WebPage\",\"@id\":\"https:\/\/lanazorjan.com\/en\/biography\/\",\"url\":\"https:\/\/lanazorjan.com\/en\/biography\/\",\"name\":\"Biography - Lana Zorjan\",\"isPartOf\":{\"@id\":\"https:\/\/lanazorjan.com\/en\/#website\"},\"primaryImageOfPage\":{\"@id\":\"https:\/\/lanazorjan.com\/en\/biography\/#primaryimage\"},\"image\":{\"@id\":\"https:\/\/lanazorjan.com\/en\/biography\/#primaryimage\"},\"thumbnailUrl\":\"https:\/\/lanazorjan.com\/en\/wp-content\/uploads\/2025\/10\/IMG_1896-1-1365x2048.jpeg\",\"datePublished\":\"2023-03-06T15:08:14+00:00\",\"dateModified\":\"2025-10-11T19:32:19+00:00\",\"breadcrumb\":{\"@id\":\"https:\/\/lanazorjan.com\/en\/biography\/#breadcrumb\"},\"inLanguage\":\"en-US\",\"potentialAction\":[{\"@type\":\"ReadAction\",\"target\":[\"https:\/\/lanazorjan.com\/en\/biography\/\"]}]},{\"@type\":\"ImageObject\",\"inLanguage\":\"en-US\",\"@id\":\"https:\/\/lanazorjan.com\/en\/biography\/#primaryimage\",\"url\":\"https:\/\/lanazorjan.com\/en\/wp-content\/uploads\/2025\/10\/IMG_1896-1-scaled.jpeg\",\"contentUrl\":\"https:\/\/lanazorjan.com\/en\/wp-content\/uploads\/2025\/10\/IMG_1896-1-scaled.jpeg\",\"width\":1707,\"height\":2560},{\"@type\":\"BreadcrumbList\",\"@id\":\"https:\/\/lanazorjan.com\/en\/biography\/#breadcrumb\",\"itemListElement\":[{\"@type\":\"ListItem\",\"position\":1,\"name\":\"Home\",\"item\":\"https:\/\/lanazorjan.com\/en\/\"},{\"@type\":\"ListItem\",\"position\":2,\"name\":\"Biography\"}]},{\"@type\":\"WebSite\",\"@id\":\"https:\/\/lanazorjan.com\/en\/#website\",\"url\":\"https:\/\/lanazorjan.com\/en\/\",\"name\":\"Lana Zorjan\",\"description\":\"Official website\",\"publisher\":{\"@id\":\"https:\/\/lanazorjan.com\/en\/#organization\"},\"potentialAction\":[{\"@type\":\"SearchAction\",\"target\":{\"@type\":\"EntryPoint\",\"urlTemplate\":\"https:\/\/lanazorjan.com\/en\/?s={search_term_string}\"},\"query-input\":{\"@type\":\"PropertyValueSpecification\",\"valueRequired\":true,\"valueName\":\"search_term_string\"}}],\"inLanguage\":\"en-US\"},{\"@type\":\"Organization\",\"@id\":\"https:\/\/lanazorjan.com\/en\/#organization\",\"name\":\"Lana Zorjan\",\"url\":\"https:\/\/lanazorjan.com\/en\/\",\"logo\":{\"@type\":\"ImageObject\",\"inLanguage\":\"en-US\",\"@id\":\"https:\/\/lanazorjan.com\/en\/#\/schema\/logo\/image\/\",\"url\":\"https:\/\/lanazorjan.com\/en\/wp-content\/uploads\/2023\/03\/cropped-logo.png\",\"contentUrl\":\"https:\/\/lanazorjan.com\/en\/wp-content\/uploads\/2023\/03\/cropped-logo.png\",\"width\":300,\"height\":70,\"caption\":\"Lana Zorjan\"},\"image\":{\"@id\":\"https:\/\/lanazorjan.com\/en\/#\/schema\/logo\/image\/\"}}]}<\/script>\n<!-- \/ Yoast SEO plugin. -->","yoast_head_json":{"title":"Biography - Lana Zorjan","robots":{"index":"index","follow":"follow","max-snippet":"max-snippet:-1","max-image-preview":"max-image-preview:large","max-video-preview":"max-video-preview:-1"},"canonical":"https:\/\/lanazorjan.com\/en\/biography\/","og_locale":"en_US","og_type":"article","og_title":"Biography - Lana Zorjan","og_description":"Biography Born in 2008, Lana has been playing the violin since the age of four. She is a prizewinner of many competitions around the globe and has had over 300 concerts and television appearances. In January of 2024, Lana became a winner of the prestigious Discovery Award of the International Classical Music Awards (ICMA) which [&hellip;]","og_url":"https:\/\/lanazorjan.com\/en\/biography\/","og_site_name":"Lana Zorjan","article_modified_time":"2025-10-11T19:32:19+00:00","og_image":[{"width":1707,"height":2560,"url":"https:\/\/lanazorjan.com\/en\/wp-content\/uploads\/2025\/10\/IMG_1896-1-scaled.jpeg","type":"image\/jpeg"}],"twitter_card":"summary_large_image","twitter_misc":{"Est. reading time":"4 minutes"},"schema":{"@context":"https:\/\/schema.org","@graph":[{"@type":"WebPage","@id":"https:\/\/lanazorjan.com\/en\/biography\/","url":"https:\/\/lanazorjan.com\/en\/biography\/","name":"Biography - Lana Zorjan","isPartOf":{"@id":"https:\/\/lanazorjan.com\/en\/#website"},"primaryImageOfPage":{"@id":"https:\/\/lanazorjan.com\/en\/biography\/#primaryimage"},"image":{"@id":"https:\/\/lanazorjan.com\/en\/biography\/#primaryimage"},"thumbnailUrl":"https:\/\/lanazorjan.com\/en\/wp-content\/uploads\/2025\/10\/IMG_1896-1-1365x2048.jpeg","datePublished":"2023-03-06T15:08:14+00:00","dateModified":"2025-10-11T19:32:19+00:00","breadcrumb":{"@id":"https:\/\/lanazorjan.com\/en\/biography\/#breadcrumb"},"inLanguage":"en-US","potentialAction":[{"@type":"ReadAction","target":["https:\/\/lanazorjan.com\/en\/biography\/"]}]},{"@type":"ImageObject","inLanguage":"en-US","@id":"https:\/\/lanazorjan.com\/en\/biography\/#primaryimage","url":"https:\/\/lanazorjan.com\/en\/wp-content\/uploads\/2025\/10\/IMG_1896-1-scaled.jpeg","contentUrl":"https:\/\/lanazorjan.com\/en\/wp-content\/uploads\/2025\/10\/IMG_1896-1-scaled.jpeg","width":1707,"height":2560},{"@type":"BreadcrumbList","@id":"https:\/\/lanazorjan.com\/en\/biography\/#breadcrumb","itemListElement":[{"@type":"ListItem","position":1,"name":"Home","item":"https:\/\/lanazorjan.com\/en\/"},{"@type":"ListItem","position":2,"name":"Biography"}]},{"@type":"WebSite","@id":"https:\/\/lanazorjan.com\/en\/#website","url":"https:\/\/lanazorjan.com\/en\/","name":"Lana Zorjan","description":"Official website","publisher":{"@id":"https:\/\/lanazorjan.com\/en\/#organization"},"potentialAction":[{"@type":"SearchAction","target":{"@type":"EntryPoint","urlTemplate":"https:\/\/lanazorjan.com\/en\/?s={search_term_string}"},"query-input":{"@type":"PropertyValueSpecification","valueRequired":true,"valueName":"search_term_string"}}],"inLanguage":"en-US"},{"@type":"Organization","@id":"https:\/\/lanazorjan.com\/en\/#organization","name":"Lana Zorjan","url":"https:\/\/lanazorjan.com\/en\/","logo":{"@type":"ImageObject","inLanguage":"en-US","@id":"https:\/\/lanazorjan.com\/en\/#\/schema\/logo\/image\/","url":"https:\/\/lanazorjan.com\/en\/wp-content\/uploads\/2023\/03\/cropped-logo.png","contentUrl":"https:\/\/lanazorjan.com\/en\/wp-content\/uploads\/2023\/03\/cropped-logo.png","width":300,"height":70,"caption":"Lana Zorjan"},"image":{"@id":"https:\/\/lanazorjan.com\/en\/#\/schema\/logo\/image\/"}}]}},"_links":{"self":[{"href":"https:\/\/lanazorjan.com\/en\/wp-json\/wp\/v2\/pages\/159","targetHints":{"allow":["GET"]}}],"collection":[{"href":"https:\/\/lanazorjan.com\/en\/wp-json\/wp\/v2\/pages"}],"about":[{"href":"https:\/\/lanazorjan.com\/en\/wp-json\/wp\/v2\/types\/page"}],"author":[{"embeddable":true,"href":"https:\/\/lanazorjan.com\/en\/wp-json\/wp\/v2\/users\/1"}],"replies":[{"embeddable":true,"href":"https:\/\/lanazorjan.com\/en\/wp-json\/wp\/v2\/comments?post=159"}],"version-history":[{"count":138,"href":"https:\/\/lanazorjan.com\/en\/wp-json\/wp\/v2\/pages\/159\/revisions"}],"predecessor-version":[{"id":839,"href":"https:\/\/lanazorjan.com\/en\/wp-json\/wp\/v2\/pages\/159\/revisions\/839"}],"wp:attachment":[{"href":"https:\/\/lanazorjan.com\/en\/wp-json\/wp\/v2\/media?parent=159"}],"curies":[{"name":"wp","href":"https:\/\/api.w.org\/{rel}","templated":true}]}}